{"id":12202,"date":"2025-02-18T18:36:51","date_gmt":"2025-02-18T18:36:51","guid":{"rendered":"https:\/\/www.agh.gekos.pl\/?page_id=12202"},"modified":"2025-02-19T09:49:32","modified_gmt":"2025-02-19T09:49:32","slug":"dydaktyka","status":"publish","type":"page","link":"https:\/\/www.kew.agh.edu.pl\/en\/dydaktyka\/","title":{"rendered":"Didactics"},"content":{"rendered":"<div data-elementor-type=\"wp-page\" data-elementor-id=\"12202\" class=\"elementor elementor-12202\" data-elementor-post-type=\"page\">\n\t\t\t\t\t\t<section class=\"elementor-section elementor-top-section elementor-element elementor-element-f87f79b elementor-section-boxed elementor-section-height-default elementor-section-height-default\" data-id=\"f87f79b\" data-element_type=\"section\" data-e-type=\"section\" data-settings=\"{&quot;background_background&quot;:&quot;gradient&quot;}\">\n\t\t\t\t\t\t<div class=\"elementor-container elementor-column-gap-wider\">\n\t\t\t\t\t<div class=\"elementor-column elementor-col-33 elementor-top-column elementor-element elementor-element-b275c34\" data-id=\"b275c34\" data-element_type=\"column\" data-e-type=\"column\">\n\t\t\t<div class=\"elementor-widget-wrap elementor-element-populated\">\n\t\t\t\t\t\t<div class=\"elementor-element elementor-element-6c7a5c9 elementor-widget-mobile__width-auto elementor-widget elementor-widget-image\" data-id=\"6c7a5c9\" data-element_type=\"widget\" data-e-type=\"widget\" data-widget_type=\"image.default\">\n\t\t\t\t<div class=\"elementor-widget-container\">\n\t\t\t\t\t\t\t\t\t\t\t\t\t\t\t<img fetchpriority=\"high\" decoding=\"async\" width=\"560\" height=\"800\" src=\"https:\/\/www.kew.agh.edu.pl\/wp-content\/uploads\/2025\/02\/systemy-magazynowania-i-konwersji-energii-dla-e-mobility-grafika_green.png\" class=\"attachment-full size-full wp-image-12218\" alt=\"\" srcset=\"https:\/\/www.kew.agh.edu.pl\/wp-content\/uploads\/2025\/02\/systemy-magazynowania-i-konwersji-energii-dla-e-mobility-grafika_green.png 560w, https:\/\/www.kew.agh.edu.pl\/wp-content\/uploads\/2025\/02\/systemy-magazynowania-i-konwersji-energii-dla-e-mobility-grafika_green-210x300.png 210w\" sizes=\"(max-width: 560px) 100vw, 560px\" \/>\t\t\t\t\t\t\t\t\t\t\t\t\t\t\t<\/div>\n\t\t\t\t<\/div>\n\t\t\t\t<div class=\"elementor-element elementor-element-80dbacb elementor-widget elementor-widget-spacer\" data-id=\"80dbacb\" data-element_type=\"widget\" data-e-type=\"widget\" data-widget_type=\"spacer.default\">\n\t\t\t\t<div class=\"elementor-widget-container\">\n\t\t\t\t\t\t\t<div class=\"elementor-spacer\">\n\t\t\t<div class=\"elementor-spacer-inner\"><\/div>\n\t\t<\/div>\n\t\t\t\t\t\t<\/div>\n\t\t\t\t<\/div>\n\t\t\t\t<div class=\"elementor-element elementor-element-7d81f41 elementor-widget elementor-widget-heading\" data-id=\"7d81f41\" data-element_type=\"widget\" data-e-type=\"widget\" data-widget_type=\"heading.default\">\n\t\t\t\t<div class=\"elementor-widget-container\">\n\t\t\t\t\t<h3 class=\"elementor-heading-title elementor-size-default\">Diploma path: Energy Storage and Conversion Systems for e-Mobility<\/h3>\t\t\t\t<\/div>\n\t\t\t\t<\/div>\n\t\t\t\t<div class=\"elementor-element elementor-element-bb6b887 elementor-align-center elementor-widget elementor-widget-button\" data-id=\"bb6b887\" data-element_type=\"widget\" data-e-type=\"widget\" data-widget_type=\"button.default\">\n\t\t\t\t<div class=\"elementor-widget-container\">\n\t\t\t\t\t\t\t\t\t<div class=\"elementor-button-wrapper\">\n\t\t\t\t\t<a class=\"elementor-button elementor-button-link elementor-size-sm\" href=\"http:\/\/www.kew.agh.edu.pl\/en\/sciezka-dyplomowania\/\">\n\t\t\t\t\t\t<span class=\"elementor-button-content-wrapper\">\n\t\t\t\t\t\t\t\t\t<span class=\"elementor-button-text\">Learn more<\/span>\n\t\t\t\t\t<\/span>\n\t\t\t\t\t<\/a>\n\t\t\t\t<\/div>\n\t\t\t\t\t\t\t\t<\/div>\n\t\t\t\t<\/div>\n\t\t\t\t<div class=\"elementor-element elementor-element-42e2c07 elementor-widget elementor-widget-spacer\" data-id=\"42e2c07\" data-element_type=\"widget\" data-e-type=\"widget\" data-widget_type=\"spacer.default\">\n\t\t\t\t<div class=\"elementor-widget-container\">\n\t\t\t\t\t\t\t<div class=\"elementor-spacer\">\n\t\t\t<div class=\"elementor-spacer-inner\"><\/div>\n\t\t<\/div>\n\t\t\t\t\t\t<\/div>\n\t\t\t\t<\/div>\n\t\t\t\t<div class=\"elementor-element elementor-element-f943a90 elementor-widget elementor-widget-spacer\" data-id=\"f943a90\" data-element_type=\"widget\" data-e-type=\"widget\" data-widget_type=\"spacer.default\">\n\t\t\t\t<div class=\"elementor-widget-container\">\n\t\t\t\t\t\t\t<div class=\"elementor-spacer\">\n\t\t\t<div class=\"elementor-spacer-inner\"><\/div>\n\t\t<\/div>\n\t\t\t\t\t\t<\/div>\n\t\t\t\t<\/div>\n\t\t\t\t\t<\/div>\n\t\t<\/div>\n\t\t\t\t<div class=\"elementor-column elementor-col-33 elementor-top-column elementor-element elementor-element-67ed0e2\" data-id=\"67ed0e2\" data-element_type=\"column\" data-e-type=\"column\">\n\t\t\t<div class=\"elementor-widget-wrap elementor-element-populated\">\n\t\t\t\t\t\t<div class=\"elementor-element elementor-element-0096c8e elementor-widget-mobile__width-auto elementor-widget elementor-widget-image\" data-id=\"0096c8e\" data-element_type=\"widget\" data-e-type=\"widget\" data-widget_type=\"image.default\">\n\t\t\t\t<div class=\"elementor-widget-container\">\n\t\t\t\t\t\t\t\t\t\t\t\t\t\t\t<img decoding=\"async\" width=\"1024\" height=\"1024\" src=\"https:\/\/www.kew.agh.edu.pl\/wp-content\/uploads\/2025\/02\/u2345323487_photorealistic_photography_of_scientists_receivin_31802c63-e70d-4a65-b083-e0f7905a7929_1.png\" class=\"attachment-full size-full wp-image-12205\" alt=\"\" srcset=\"https:\/\/www.kew.agh.edu.pl\/wp-content\/uploads\/2025\/02\/u2345323487_photorealistic_photography_of_scientists_receivin_31802c63-e70d-4a65-b083-e0f7905a7929_1.png 1024w, https:\/\/www.kew.agh.edu.pl\/wp-content\/uploads\/2025\/02\/u2345323487_photorealistic_photography_of_scientists_receivin_31802c63-e70d-4a65-b083-e0f7905a7929_1-300x300.png 300w, https:\/\/www.kew.agh.edu.pl\/wp-content\/uploads\/2025\/02\/u2345323487_photorealistic_photography_of_scientists_receivin_31802c63-e70d-4a65-b083-e0f7905a7929_1-150x150.png 150w, https:\/\/www.kew.agh.edu.pl\/wp-content\/uploads\/2025\/02\/u2345323487_photorealistic_photography_of_scientists_receivin_31802c63-e70d-4a65-b083-e0f7905a7929_1-768x768.png 768w\" sizes=\"(max-width: 1024px) 100vw, 1024px\" \/>\t\t\t\t\t\t\t\t\t\t\t\t\t\t\t<\/div>\n\t\t\t\t<\/div>\n\t\t\t\t<div class=\"elementor-element elementor-element-16e632e elementor-widget elementor-widget-spacer\" data-id=\"16e632e\" data-element_type=\"widget\" data-e-type=\"widget\" data-widget_type=\"spacer.default\">\n\t\t\t\t<div class=\"elementor-widget-container\">\n\t\t\t\t\t\t\t<div class=\"elementor-spacer\">\n\t\t\t<div class=\"elementor-spacer-inner\"><\/div>\n\t\t<\/div>\n\t\t\t\t\t\t<\/div>\n\t\t\t\t<\/div>\n\t\t\t\t<div class=\"elementor-element elementor-element-ff8e562 elementor-widget elementor-widget-heading\" data-id=\"ff8e562\" data-element_type=\"widget\" data-e-type=\"widget\" data-widget_type=\"heading.default\">\n\t\t\t\t<div class=\"elementor-widget-container\">\n\t\t\t\t\t<h3 class=\"elementor-heading-title elementor-size-default\">Theses<br><\/h3>\t\t\t\t<\/div>\n\t\t\t\t<\/div>\n\t\t\t\t<div class=\"elementor-element elementor-element-3902334 elementor-align-center elementor-widget elementor-widget-button\" data-id=\"3902334\" data-element_type=\"widget\" data-e-type=\"widget\" data-widget_type=\"button.default\">\n\t\t\t\t<div class=\"elementor-widget-container\">\n\t\t\t\t\t\t\t\t\t<div class=\"elementor-button-wrapper\">\n\t\t\t\t\t<a class=\"elementor-button elementor-button-link elementor-size-sm\" href=\"http:\/\/www.kew.agh.edu.pl\/en\/dydaktyka-prace-dyplomowe\/\">\n\t\t\t\t\t\t<span class=\"elementor-button-content-wrapper\">\n\t\t\t\t\t\t\t\t\t<span class=\"elementor-button-text\">Learn more<\/span>\n\t\t\t\t\t<\/span>\n\t\t\t\t\t<\/a>\n\t\t\t\t<\/div>\n\t\t\t\t\t\t\t\t<\/div>\n\t\t\t\t<\/div>\n\t\t\t\t<div class=\"elementor-element elementor-element-cae644f elementor-widget elementor-widget-spacer\" data-id=\"cae644f\" data-element_type=\"widget\" data-e-type=\"widget\" data-widget_type=\"spacer.default\">\n\t\t\t\t<div class=\"elementor-widget-container\">\n\t\t\t\t\t\t\t<div class=\"elementor-spacer\">\n\t\t\t<div class=\"elementor-spacer-inner\"><\/div>\n\t\t<\/div>\n\t\t\t\t\t\t<\/div>\n\t\t\t\t<\/div>\n\t\t\t\t<div class=\"elementor-element elementor-element-7143b90 elementor-widget elementor-widget-spacer\" data-id=\"7143b90\" data-element_type=\"widget\" data-e-type=\"widget\" data-widget_type=\"spacer.default\">\n\t\t\t\t<div class=\"elementor-widget-container\">\n\t\t\t\t\t\t\t<div class=\"elementor-spacer\">\n\t\t\t<div class=\"elementor-spacer-inner\"><\/div>\n\t\t<\/div>\n\t\t\t\t\t\t<\/div>\n\t\t\t\t<\/div>\n\t\t\t\t\t<\/div>\n\t\t<\/div>\n\t\t\t\t<div class=\"elementor-column elementor-col-33 elementor-top-column elementor-element elementor-element-6aa4bfd\" data-id=\"6aa4bfd\" data-element_type=\"column\" data-e-type=\"column\">\n\t\t\t<div class=\"elementor-widget-wrap elementor-element-populated\">\n\t\t\t\t\t\t<div class=\"elementor-element elementor-element-52b6087 elementor-widget-mobile__width-auto elementor-widget elementor-widget-image\" data-id=\"52b6087\" data-element_type=\"widget\" data-e-type=\"widget\" data-widget_type=\"image.default\">\n\t\t\t\t<div class=\"elementor-widget-container\">\n\t\t\t\t\t\t\t\t\t\t\t\t\t\t\t<img decoding=\"async\" width=\"1024\" height=\"1024\" src=\"https:\/\/www.kew.agh.edu.pl\/wp-content\/uploads\/2025\/02\/u2345323487_photorealistic_hydrogen_energy_research_lab_AGH_u_31787bb8-c3c6-4afe-bf58-799a62300bde_2.png\" class=\"attachment-full size-full wp-image-12210\" alt=\"\" srcset=\"https:\/\/www.kew.agh.edu.pl\/wp-content\/uploads\/2025\/02\/u2345323487_photorealistic_hydrogen_energy_research_lab_AGH_u_31787bb8-c3c6-4afe-bf58-799a62300bde_2.png 1024w, https:\/\/www.kew.agh.edu.pl\/wp-content\/uploads\/2025\/02\/u2345323487_photorealistic_hydrogen_energy_research_lab_AGH_u_31787bb8-c3c6-4afe-bf58-799a62300bde_2-300x300.png 300w, https:\/\/www.kew.agh.edu.pl\/wp-content\/uploads\/2025\/02\/u2345323487_photorealistic_hydrogen_energy_research_lab_AGH_u_31787bb8-c3c6-4afe-bf58-799a62300bde_2-150x150.png 150w, https:\/\/www.kew.agh.edu.pl\/wp-content\/uploads\/2025\/02\/u2345323487_photorealistic_hydrogen_energy_research_lab_AGH_u_31787bb8-c3c6-4afe-bf58-799a62300bde_2-768x768.png 768w\" sizes=\"(max-width: 1024px) 100vw, 1024px\" \/>\t\t\t\t\t\t\t\t\t\t\t\t\t\t\t<\/div>\n\t\t\t\t<\/div>\n\t\t\t\t<div class=\"elementor-element elementor-element-2a49542 elementor-widget elementor-widget-spacer\" data-id=\"2a49542\" data-element_type=\"widget\" data-e-type=\"widget\" data-widget_type=\"spacer.default\">\n\t\t\t\t<div class=\"elementor-widget-container\">\n\t\t\t\t\t\t\t<div class=\"elementor-spacer\">\n\t\t\t<div class=\"elementor-spacer-inner\"><\/div>\n\t\t<\/div>\n\t\t\t\t\t\t<\/div>\n\t\t\t\t<\/div>\n\t\t\t\t<div class=\"elementor-element elementor-element-6596c61 elementor-widget elementor-widget-heading\" data-id=\"6596c61\" data-element_type=\"widget\" data-e-type=\"widget\" data-widget_type=\"heading.default\">\n\t\t\t\t<div class=\"elementor-widget-container\">\n\t\t\t\t\t<h3 class=\"elementor-heading-title elementor-size-default\">Materials Engineering in Energy - field of Power Engineering<\/h3>\t\t\t\t<\/div>\n\t\t\t\t<\/div>\n\t\t\t\t<div class=\"elementor-element elementor-element-4a31f8a elementor-align-center elementor-widget elementor-widget-button\" data-id=\"4a31f8a\" data-element_type=\"widget\" data-e-type=\"widget\" data-widget_type=\"button.default\">\n\t\t\t\t<div class=\"elementor-widget-container\">\n\t\t\t\t\t\t\t\t\t<div class=\"elementor-button-wrapper\">\n\t\t\t\t\t<a class=\"elementor-button elementor-button-link elementor-size-sm\" href=\"http:\/\/www.kew.agh.edu.pl\/en\/dydaktyka-inzynieria-materialowa-w-energetyce\/\">\n\t\t\t\t\t\t<span class=\"elementor-button-content-wrapper\">\n\t\t\t\t\t\t\t\t\t<span class=\"elementor-button-text\">Learn more<\/span>\n\t\t\t\t\t<\/span>\n\t\t\t\t\t<\/a>\n\t\t\t\t<\/div>\n\t\t\t\t\t\t\t\t<\/div>\n\t\t\t\t<\/div>\n\t\t\t\t<div class=\"elementor-element elementor-element-0be538e elementor-widget elementor-widget-spacer\" data-id=\"0be538e\" data-element_type=\"widget\" data-e-type=\"widget\" data-widget_type=\"spacer.default\">\n\t\t\t\t<div class=\"elementor-widget-container\">\n\t\t\t\t\t\t\t<div class=\"elementor-spacer\">\n\t\t\t<div class=\"elementor-spacer-inner\"><\/div>\n\t\t<\/div>\n\t\t\t\t\t\t<\/div>\n\t\t\t\t<\/div>\n\t\t\t\t<div class=\"elementor-element elementor-element-949071a elementor-widget elementor-widget-spacer\" data-id=\"949071a\" data-element_type=\"widget\" data-e-type=\"widget\" data-widget_type=\"spacer.default\">\n\t\t\t\t<div class=\"elementor-widget-container\">\n\t\t\t\t\t\t\t<div class=\"elementor-spacer\">\n\t\t\t<div class=\"elementor-spacer-inner\"><\/div>\n\t\t<\/div>\n\t\t\t\t\t\t<\/div>\n\t\t\t\t<\/div>\n\t\t\t\t\t<\/div>\n\t\t<\/div>\n\t\t\t\t\t<\/div>\n\t\t<\/section>\n\t\t\t\t<section class=\"elementor-section elementor-top-section elementor-element elementor-element-e3699a1 elementor-section-boxed elementor-section-height-default elementor-section-height-default\" data-id=\"e3699a1\" data-element_type=\"section\" data-e-type=\"section\">\n\t\t\t\t\t\t<div class=\"elementor-container elementor-column-gap-wider\">\n\t\t\t\t\t<div class=\"elementor-column elementor-col-33 elementor-top-column elementor-element elementor-element-b796edd\" data-id=\"b796edd\" data-element_type=\"column\" data-e-type=\"column\">\n\t\t\t<div class=\"elementor-widget-wrap elementor-element-populated\">\n\t\t\t\t\t\t<div class=\"elementor-element elementor-element-e030316 elementor-widget-mobile__width-auto elementor-widget elementor-widget-image\" data-id=\"e030316\" data-element_type=\"widget\" data-e-type=\"widget\" data-widget_type=\"image.default\">\n\t\t\t\t<div class=\"elementor-widget-container\">\n\t\t\t\t\t\t\t\t\t\t\t\t\t\t\t<img loading=\"lazy\" decoding=\"async\" width=\"1024\" height=\"1024\" src=\"https:\/\/www.kew.agh.edu.pl\/wp-content\/uploads\/2025\/02\/u2345323487_Photorealistic_photography_non_hdr_global_ilumina_217cd2ba-4b78-41f6-8495-94d55a6ca74f_0.png\" class=\"attachment-full size-full wp-image-12211\" alt=\"\" srcset=\"https:\/\/www.kew.agh.edu.pl\/wp-content\/uploads\/2025\/02\/u2345323487_Photorealistic_photography_non_hdr_global_ilumina_217cd2ba-4b78-41f6-8495-94d55a6ca74f_0.png 1024w, https:\/\/www.kew.agh.edu.pl\/wp-content\/uploads\/2025\/02\/u2345323487_Photorealistic_photography_non_hdr_global_ilumina_217cd2ba-4b78-41f6-8495-94d55a6ca74f_0-300x300.png 300w, https:\/\/www.kew.agh.edu.pl\/wp-content\/uploads\/2025\/02\/u2345323487_Photorealistic_photography_non_hdr_global_ilumina_217cd2ba-4b78-41f6-8495-94d55a6ca74f_0-150x150.png 150w, https:\/\/www.kew.agh.edu.pl\/wp-content\/uploads\/2025\/02\/u2345323487_Photorealistic_photography_non_hdr_global_ilumina_217cd2ba-4b78-41f6-8495-94d55a6ca74f_0-768x768.png 768w\" sizes=\"(max-width: 1024px) 100vw, 1024px\" \/>\t\t\t\t\t\t\t\t\t\t\t\t\t\t\t<\/div>\n\t\t\t\t<\/div>\n\t\t\t\t<div class=\"elementor-element elementor-element-5b9b221 elementor-widget elementor-widget-spacer\" data-id=\"5b9b221\" data-element_type=\"widget\" data-e-type=\"widget\" data-widget_type=\"spacer.default\">\n\t\t\t\t<div class=\"elementor-widget-container\">\n\t\t\t\t\t\t\t<div class=\"elementor-spacer\">\n\t\t\t<div class=\"elementor-spacer-inner\"><\/div>\n\t\t<\/div>\n\t\t\t\t\t\t<\/div>\n\t\t\t\t<\/div>\n\t\t\t\t<div class=\"elementor-element elementor-element-4bc63fe elementor-widget elementor-widget-heading\" data-id=\"4bc63fe\" data-element_type=\"widget\" data-e-type=\"widget\" data-widget_type=\"heading.default\">\n\t\t\t\t<div class=\"elementor-widget-container\">\n\t\t\t\t\t<h3 class=\"elementor-heading-title elementor-size-default\">Li-ion batteries and energy management in automotive applications<\/h3>\t\t\t\t<\/div>\n\t\t\t\t<\/div>\n\t\t\t\t<div class=\"elementor-element elementor-element-9bb4871 elementor-align-center elementor-widget elementor-widget-button\" data-id=\"9bb4871\" data-element_type=\"widget\" data-e-type=\"widget\" data-widget_type=\"button.default\">\n\t\t\t\t<div class=\"elementor-widget-container\">\n\t\t\t\t\t\t\t\t\t<div class=\"elementor-button-wrapper\">\n\t\t\t\t\t<a class=\"elementor-button elementor-button-link elementor-size-sm\" href=\"https:\/\/home.agh.edu.pl\/~kwalcza\/WEAiIB.php\">\n\t\t\t\t\t\t<span class=\"elementor-button-content-wrapper\">\n\t\t\t\t\t\t\t\t\t<span class=\"elementor-button-text\">Learn more<\/span>\n\t\t\t\t\t<\/span>\n\t\t\t\t\t<\/a>\n\t\t\t\t<\/div>\n\t\t\t\t\t\t\t\t<\/div>\n\t\t\t\t<\/div>\n\t\t\t\t<div class=\"elementor-element elementor-element-046059a elementor-widget elementor-widget-spacer\" data-id=\"046059a\" data-element_type=\"widget\" data-e-type=\"widget\" data-widget_type=\"spacer.default\">\n\t\t\t\t<div class=\"elementor-widget-container\">\n\t\t\t\t\t\t\t<div class=\"elementor-spacer\">\n\t\t\t<div class=\"elementor-spacer-inner\"><\/div>\n\t\t<\/div>\n\t\t\t\t\t\t<\/div>\n\t\t\t\t<\/div>\n\t\t\t\t<div class=\"elementor-element elementor-element-f20494d elementor-widget elementor-widget-spacer\" data-id=\"f20494d\" data-element_type=\"widget\" data-e-type=\"widget\" data-widget_type=\"spacer.default\">\n\t\t\t\t<div class=\"elementor-widget-container\">\n\t\t\t\t\t\t\t<div class=\"elementor-spacer\">\n\t\t\t<div class=\"elementor-spacer-inner\"><\/div>\n\t\t<\/div>\n\t\t\t\t\t\t<\/div>\n\t\t\t\t<\/div>\n\t\t\t\t\t<\/div>\n\t\t<\/div>\n\t\t\t\t<div class=\"elementor-column elementor-col-33 elementor-top-column elementor-element elementor-element-4946f77\" data-id=\"4946f77\" data-element_type=\"column\" data-e-type=\"column\">\n\t\t\t<div class=\"elementor-widget-wrap elementor-element-populated\">\n\t\t\t\t\t\t<div class=\"elementor-element elementor-element-54ba21d elementor-widget-mobile__width-auto elementor-widget elementor-widget-image\" data-id=\"54ba21d\" data-element_type=\"widget\" data-e-type=\"widget\" data-widget_type=\"image.default\">\n\t\t\t\t<div class=\"elementor-widget-container\">\n\t\t\t\t\t\t\t\t\t\t\t\t\t\t\t<img loading=\"lazy\" decoding=\"async\" width=\"930\" height=\"580\" src=\"https:\/\/www.kew.agh.edu.pl\/wp-content\/uploads\/2025\/02\/u2345323487_photorealistic_photography_of_scientists_receivin_4ae5454f-953f-4baa-af3f-cd52f31704da_2-e1739904906431.png\" class=\"attachment-full size-full wp-image-12212\" alt=\"\" srcset=\"https:\/\/www.kew.agh.edu.pl\/wp-content\/uploads\/2025\/02\/u2345323487_photorealistic_photography_of_scientists_receivin_4ae5454f-953f-4baa-af3f-cd52f31704da_2-e1739904906431.png 930w, https:\/\/www.kew.agh.edu.pl\/wp-content\/uploads\/2025\/02\/u2345323487_photorealistic_photography_of_scientists_receivin_4ae5454f-953f-4baa-af3f-cd52f31704da_2-e1739904906431-300x187.png 300w, https:\/\/www.kew.agh.edu.pl\/wp-content\/uploads\/2025\/02\/u2345323487_photorealistic_photography_of_scientists_receivin_4ae5454f-953f-4baa-af3f-cd52f31704da_2-e1739904906431-768x479.png 768w\" sizes=\"(max-width: 930px) 100vw, 930px\" \/>\t\t\t\t\t\t\t\t\t\t\t\t\t\t\t<\/div>\n\t\t\t\t<\/div>\n\t\t\t\t<div class=\"elementor-element elementor-element-1e9a100 elementor-widget elementor-widget-spacer\" data-id=\"1e9a100\" data-element_type=\"widget\" data-e-type=\"widget\" data-widget_type=\"spacer.default\">\n\t\t\t\t<div class=\"elementor-widget-container\">\n\t\t\t\t\t\t\t<div class=\"elementor-spacer\">\n\t\t\t<div class=\"elementor-spacer-inner\"><\/div>\n\t\t<\/div>\n\t\t\t\t\t\t<\/div>\n\t\t\t\t<\/div>\n\t\t\t\t<div class=\"elementor-element elementor-element-3d9d32e elementor-widget elementor-widget-heading\" data-id=\"3d9d32e\" data-element_type=\"widget\" data-e-type=\"widget\" data-widget_type=\"heading.default\">\n\t\t\t\t<div class=\"elementor-widget-container\">\n\t\t\t\t\t<h3 class=\"elementor-heading-title elementor-size-default\">Recently completed diploma theses<\/h3>\t\t\t\t<\/div>\n\t\t\t\t<\/div>\n\t\t\t\t<div class=\"elementor-element elementor-element-2098220 elementor-align-center elementor-widget elementor-widget-button\" data-id=\"2098220\" data-element_type=\"widget\" data-e-type=\"widget\" data-widget_type=\"button.default\">\n\t\t\t\t<div class=\"elementor-widget-container\">\n\t\t\t\t\t\t\t\t\t<div class=\"elementor-button-wrapper\">\n\t\t\t\t\t<a class=\"elementor-button elementor-button-link elementor-size-sm\" href=\"http:\/\/www.kew.agh.edu.pl\/en\/dydaktyka-ostatnio-zrealizowane-prace-dyplomowe\/\">\n\t\t\t\t\t\t<span class=\"elementor-button-content-wrapper\">\n\t\t\t\t\t\t\t\t\t<span class=\"elementor-button-text\">Learn more<\/span>\n\t\t\t\t\t<\/span>\n\t\t\t\t\t<\/a>\n\t\t\t\t<\/div>\n\t\t\t\t\t\t\t\t<\/div>\n\t\t\t\t<\/div>\n\t\t\t\t<div class=\"elementor-element elementor-element-f064b5d elementor-widget elementor-widget-spacer\" data-id=\"f064b5d\" data-element_type=\"widget\" data-e-type=\"widget\" data-widget_type=\"spacer.default\">\n\t\t\t\t<div class=\"elementor-widget-container\">\n\t\t\t\t\t\t\t<div class=\"elementor-spacer\">\n\t\t\t<div class=\"elementor-spacer-inner\"><\/div>\n\t\t<\/div>\n\t\t\t\t\t\t<\/div>\n\t\t\t\t<\/div>\n\t\t\t\t<div class=\"elementor-element elementor-element-dcc3741 elementor-widget elementor-widget-spacer\" data-id=\"dcc3741\" data-element_type=\"widget\" data-e-type=\"widget\" data-widget_type=\"spacer.default\">\n\t\t\t\t<div class=\"elementor-widget-container\">\n\t\t\t\t\t\t\t<div class=\"elementor-spacer\">\n\t\t\t<div class=\"elementor-spacer-inner\"><\/div>\n\t\t<\/div>\n\t\t\t\t\t\t<\/div>\n\t\t\t\t<\/div>\n\t\t\t\t\t<\/div>\n\t\t<\/div>\n\t\t\t\t<div class=\"elementor-column elementor-col-33 elementor-top-column elementor-element elementor-element-6267f17\" data-id=\"6267f17\" data-element_type=\"column\" data-e-type=\"column\">\n\t\t\t<div class=\"elementor-widget-wrap elementor-element-populated\">\n\t\t\t\t\t\t<div class=\"elementor-element elementor-element-27ceb96 elementor-widget-mobile__width-auto elementor-widget elementor-widget-image\" data-id=\"27ceb96\" data-element_type=\"widget\" data-e-type=\"widget\" data-widget_type=\"image.default\">\n\t\t\t\t<div class=\"elementor-widget-container\">\n\t\t\t\t\t\t\t\t\t\t\t\t\t\t\t<img loading=\"lazy\" decoding=\"async\" width=\"1024\" height=\"1024\" src=\"https:\/\/www.kew.agh.edu.pl\/wp-content\/uploads\/2025\/02\/u2345323487_Photorealistic_photography_non_hdr_global_ilumina_217cd2ba-4b78-41f6-8495-94d55a6ca74f_1.png\" class=\"attachment-full size-full wp-image-12216\" alt=\"\" srcset=\"https:\/\/www.kew.agh.edu.pl\/wp-content\/uploads\/2025\/02\/u2345323487_Photorealistic_photography_non_hdr_global_ilumina_217cd2ba-4b78-41f6-8495-94d55a6ca74f_1.png 1024w, https:\/\/www.kew.agh.edu.pl\/wp-content\/uploads\/2025\/02\/u2345323487_Photorealistic_photography_non_hdr_global_ilumina_217cd2ba-4b78-41f6-8495-94d55a6ca74f_1-300x300.png 300w, https:\/\/www.kew.agh.edu.pl\/wp-content\/uploads\/2025\/02\/u2345323487_Photorealistic_photography_non_hdr_global_ilumina_217cd2ba-4b78-41f6-8495-94d55a6ca74f_1-150x150.png 150w, https:\/\/www.kew.agh.edu.pl\/wp-content\/uploads\/2025\/02\/u2345323487_Photorealistic_photography_non_hdr_global_ilumina_217cd2ba-4b78-41f6-8495-94d55a6ca74f_1-768x768.png 768w\" sizes=\"(max-width: 1024px) 100vw, 1024px\" \/>\t\t\t\t\t\t\t\t\t\t\t\t\t\t\t<\/div>\n\t\t\t\t<\/div>\n\t\t\t\t<div class=\"elementor-element elementor-element-baca3bf elementor-widget elementor-widget-spacer\" data-id=\"baca3bf\" data-element_type=\"widget\" data-e-type=\"widget\" data-widget_type=\"spacer.default\">\n\t\t\t\t<div class=\"elementor-widget-container\">\n\t\t\t\t\t\t\t<div class=\"elementor-spacer\">\n\t\t\t<div class=\"elementor-spacer-inner\"><\/div>\n\t\t<\/div>\n\t\t\t\t\t\t<\/div>\n\t\t\t\t<\/div>\n\t\t\t\t<div class=\"elementor-element elementor-element-563e1f9 elementor-widget elementor-widget-heading\" data-id=\"563e1f9\" data-element_type=\"widget\" data-e-type=\"widget\" data-widget_type=\"heading.default\">\n\t\t\t\t<div class=\"elementor-widget-container\">\n\t\t\t\t\t<h3 class=\"elementor-heading-title elementor-size-default\">HYDROGEN ENERGY - <br>a new field of study at the AGH University of Science and Technology<\/h3>\t\t\t\t<\/div>\n\t\t\t\t<\/div>\n\t\t\t\t<div class=\"elementor-element elementor-element-bb7112a elementor-align-center elementor-widget elementor-widget-button\" data-id=\"bb7112a\" data-element_type=\"widget\" data-e-type=\"widget\" data-widget_type=\"button.default\">\n\t\t\t\t<div class=\"elementor-widget-container\">\n\t\t\t\t\t\t\t\t\t<div class=\"elementor-button-wrapper\">\n\t\t\t\t\t<a class=\"elementor-button elementor-button-link elementor-size-sm\" href=\"http:\/\/www.kew.agh.edu.pl\/en\/dydaktyka-energetyka-wodorowa-nowy-kierunek-studiow-ii-stopnia-na-agh\/\">\n\t\t\t\t\t\t<span class=\"elementor-button-content-wrapper\">\n\t\t\t\t\t\t\t\t\t<span class=\"elementor-button-text\">Learn more<\/span>\n\t\t\t\t\t<\/span>\n\t\t\t\t\t<\/a>\n\t\t\t\t<\/div>\n\t\t\t\t\t\t\t\t<\/div>\n\t\t\t\t<\/div>\n\t\t\t\t<div class=\"elementor-element elementor-element-987326e elementor-widget elementor-widget-spacer\" data-id=\"987326e\" data-element_type=\"widget\" data-e-type=\"widget\" data-widget_type=\"spacer.default\">\n\t\t\t\t<div class=\"elementor-widget-container\">\n\t\t\t\t\t\t\t<div class=\"elementor-spacer\">\n\t\t\t<div class=\"elementor-spacer-inner\"><\/div>\n\t\t<\/div>\n\t\t\t\t\t\t<\/div>\n\t\t\t\t<\/div>\n\t\t\t\t<div class=\"elementor-element elementor-element-0a27645 elementor-widget elementor-widget-spacer\" data-id=\"0a27645\" data-element_type=\"widget\" data-e-type=\"widget\" data-widget_type=\"spacer.default\">\n\t\t\t\t<div class=\"elementor-widget-container\">\n\t\t\t\t\t\t\t<div class=\"elementor-spacer\">\n\t\t\t<div class=\"elementor-spacer-inner\"><\/div>\n\t\t<\/div>\n\t\t\t\t\t\t<\/div>\n\t\t\t\t<\/div>\n\t\t\t\t\t<\/div>\n\t\t<\/div>\n\t\t\t\t\t<\/div>\n\t\t<\/section>\n\t\t\t\t<\/div>","protected":false},"excerpt":{"rendered":"<p>\u015acie\u017cka dyplomowania: Systemy Magazynowania i Konwersji Energii dla e-Mobility Dowiedz si\u0119 wi\u0119cej Prace dyplomowe Dowiedz si\u0119 wi\u0119cej In\u017cynieria Materia\u0142owa w Energetyce &#8211; kierunek Energetyka Dowiedz si\u0119 wi\u0119cej Akumulatory Li-ion i zarz\u0105dzanie energi\u0105 w zastosowaniach automoto Dowiedz si\u0119 wi\u0119cej Ostatnio zrealizowane prace dyplomowe Dowiedz si\u0119 wi\u0119cej ENERGETYKA WODOROWA &#8211; nowy kierunek studi\u00f3w II stopnia na AGH&hellip;<\/p>","protected":false},"author":3,"featured_media":0,"parent":0,"menu_order":10,"comment_status":"closed","ping_status":"closed","template":"","meta":{"footnotes":""},"class_list":["post-12202","page","type-page","status-publish","hentry"],"_links":{"self":[{"href":"https:\/\/www.kew.agh.edu.pl\/en\/wp-json\/wp\/v2\/pages\/12202","targetHints":{"allow":["GET"]}}],"collection":[{"href":"https:\/\/www.kew.agh.edu.pl\/en\/wp-json\/wp\/v2\/pages"}],"about":[{"href":"https:\/\/www.kew.agh.edu.pl\/en\/wp-json\/wp\/v2\/types\/page"}],"author":[{"embeddable":true,"href":"https:\/\/www.kew.agh.edu.pl\/en\/wp-json\/wp\/v2\/users\/3"}],"replies":[{"embeddable":true,"href":"https:\/\/www.kew.agh.edu.pl\/en\/wp-json\/wp\/v2\/comments?post=12202"}],"version-history":[{"count":31,"href":"https:\/\/www.kew.agh.edu.pl\/en\/wp-json\/wp\/v2\/pages\/12202\/revisions"}],"predecessor-version":[{"id":12450,"href":"https:\/\/www.kew.agh.edu.pl\/en\/wp-json\/wp\/v2\/pages\/12202\/revisions\/12450"}],"wp:attachment":[{"href":"https:\/\/www.kew.agh.edu.pl\/en\/wp-json\/wp\/v2\/media?parent=12202"}],"curies":[{"name":"wp","href":"https:\/\/api.w.org\/{rel}","templated":true}]}}