{"id":11196,"date":"2020-04-07T13:59:00","date_gmt":"2020-04-07T12:59:00","guid":{"rendered":"https:\/\/www.agh.gekos.pl\/index.php\/news\/"},"modified":"2025-02-20T17:43:59","modified_gmt":"2025-02-20T17:43:59","slug":"aktualnosci","status":"publish","type":"page","link":"https:\/\/www.kew.agh.edu.pl\/en\/aktualnosci\/","title":{"rendered":"News"},"content":{"rendered":"<div data-elementor-type=\"wp-page\" data-elementor-id=\"11196\" class=\"elementor elementor-11196\" data-elementor-post-type=\"page\">\n\t\t\t\t\t\t<section class=\"elementor-section elementor-top-section elementor-element elementor-element-64f606a elementor-section-height-min-height elementor-section-items-stretch elementor-section-content-middle elementor-section-boxed elementor-section-height-default\" data-id=\"64f606a\" data-element_type=\"section\" data-e-type=\"section\" data-settings=\"{&quot;background_background&quot;:&quot;gradient&quot;}\">\n\t\t\t\t\t\t\t<div class=\"elementor-background-overlay\"><\/div>\n\t\t\t\t\t\t\t<div class=\"elementor-container elementor-column-gap-wider\">\n\t\t\t\t\t<div class=\"elementor-column elementor-col-100 elementor-top-column elementor-element elementor-element-dd9b4aa\" data-id=\"dd9b4aa\" data-element_type=\"column\" data-e-type=\"column\" data-settings=\"{&quot;background_background&quot;:&quot;classic&quot;}\">\n\t\t\t<div class=\"elementor-widget-wrap elementor-element-populated\">\n\t\t\t\t\t\t<div class=\"elementor-element elementor-element-2eb1092 img-align-mobile-top image-vertical-align-center image-vertical-align-tablet-start img-align-top icon-box-vertical-align-top preserve-img-ratio-cover slide-h-position-left elementor-widget elementor-widget-the7-elements-simple-posts\" data-id=\"2eb1092\" data-element_type=\"widget\" data-e-type=\"widget\" data-widget_type=\"the7-elements-simple-posts.default\">\n\t\t\t\t<div class=\"elementor-widget-container\">\n\t\t\t\t\t<div class=\"the7-simple-widget-posts the7-elementor-widget the7-elements-simple-posts-2eb1092\" data-post-limit=\"-1\" data-pagination-mode=\"standard\" data-scroll-offset=\"\">\t\t\t<div class=\"dt-css-grid custom-pagination-handler\" data-columns=\"{&quot;d&quot;:2,&quot;t&quot;:&quot;&quot;,&quot;p&quot;:1,&quot;wd&quot;:&quot;&quot;}\">\n\t\t\t\t\t\t\t\t\t<div class=\"wf-cell visible\">\n\t\t\t\t\t\t<article class=\"post visible wrapper post-1445 type-post status-publish format-standard has-post-thumbnail hentry category-aktualnosci\">\n\n\t\t\t\t\t\t\t<div class=\"post-content-wrapper\">\n\t\t\t\t\t\t\t\t\t\t\t\t\t\t\t\t\t<div class=\"the7-simple-post-thumb\">\n\t\t\t\t\t\t\t\t\t\t<a class=\"post-thumbnail-rollover layzr-bg img-css-resize-wrapper\" aria-label=\"Post image\" href=\"https:\/\/www.kew.agh.edu.pl\/en\/10-ways-how-to-lorem-ipsum-glavrida-dolor-amet\/\"><img fetchpriority=\"high\" decoding=\"async\" width=\"600\" height=\"400\" src=\"data:image\/svg+xml,%3Csvg%20xmlns%3D&#039;http%3A%2F%2Fwww.w3.org%2F2000%2Fsvg&#039;%20viewBox%3D&#039;0%200%20600%20400&#039;%2F%3E\" class=\"attachment-full size-full preload-me aspect lazy lazy-load\" alt=\"\" sizes=\"(max-width: 600px) 100vw, 600px\" style=\"--ratio: 600 \/ 400;\" data-src=\"https:\/\/www.kew.agh.edu.pl\/wp-content\/uploads\/2025\/01\/aktualny-stan-katedry.jpg\" loading=\"eager\" data-srcset=\"https:\/\/www.kew.agh.edu.pl\/wp-content\/uploads\/2025\/01\/aktualny-stan-katedry.jpg 600w, https:\/\/www.kew.agh.edu.pl\/wp-content\/uploads\/2025\/01\/aktualny-stan-katedry-300x200.jpg 300w\" \/><span class=\"the7-hover-icon\"><i aria-hidden=\"true\" class=\"feather feather-more-horizontal\"><\/i><\/span><\/a>\t\t\t\t\t\t\t\t\t<\/div>\n\t\t\t\t\t\t\t\t\t\t\t\t\t\t\t\t<div class=\"post-entry-content\">\n\t\t\t\t\t\t\t\t\t<h5 class=\"heading\"><a href=\"https:\/\/www.kew.agh.edu.pl\/en\/10-ways-how-to-lorem-ipsum-glavrida-dolor-amet\/\" rel=\"bookmark\" title=\"Current state of the Department of Hydrogen Power Engineering\" class=\"post-title\">Current state of the Department of Hydrogen Power Engineering<\/a><\/h5><div class=\"entry-meta\"><span class=\"meta-item category-link\"><a href=\"https:\/\/www.kew.agh.edu.pl\/en\/category\/aktualnosci\/\" rel=\"tag\">News<\/a><\/span><span class=\"meta-item data-link\"><time class=\"entry-date updated\" datetime=\"2024-11-01T14:05:00+00:00\">November 1, 2024<\/time><\/span><\/div><p class=\"short-description\">prof. Janina Molenda &#8211; Kierownik Katedry prof. Konrad \u015awierczek prof. Jolanta Biega\u0144ska dr hab. Andrzej Budziak, prof. AGH dr hab. Danuta Olszewska, prof. AGH dr hab. in\u017c. Wojciech Zaj\u0105c, prof. AGH dr hab. in\u017c. Kun Zheng, prof. AGH 6 adiunkt\u00f3w, 1 pracownik techniczny, 10 doktorant\u00f3w. Prof. J. Molenda i prof. K. \u015awierczek znale\u017ali si\u0119 na&hellip;<\/p><a href=\"https:\/\/www.kew.agh.edu.pl\/en\/10-ways-how-to-lorem-ipsum-glavrida-dolor-amet\/\" target=\"\" aria-label=\"Read more about Aktualny stan Katedry Energetyki Wodorowej\" class=\"box-button elementor-button elementor-size-sm\">More detailed<\/a>\t\t\t\t\t\t\t\t<\/div>\n\t\t\t\t\t\t\t<\/div>\n\t\t\t\t\t\t<\/article>\n\t\t\t\t\t<\/div>\t\t\t\t\t\t\t\t\t\t<div class=\"wf-cell visible\">\n\t\t\t\t\t\t<article class=\"post visible wrapper post-281 type-post status-publish format-standard has-post-thumbnail hentry category-aktualnosci tag-featured\">\n\n\t\t\t\t\t\t\t<div class=\"post-content-wrapper\">\n\t\t\t\t\t\t\t\t\t\t\t\t\t\t\t\t\t<div class=\"the7-simple-post-thumb\">\n\t\t\t\t\t\t\t\t\t\t<a class=\"post-thumbnail-rollover layzr-bg img-css-resize-wrapper\" aria-label=\"Post image\" href=\"https:\/\/www.kew.agh.edu.pl\/en\/how-to-make-lorem-ipsum-dolor-sit-glavrida\/\"><img decoding=\"async\" width=\"722\" height=\"387\" src=\"data:image\/svg+xml,%3Csvg%20xmlns%3D&#039;http%3A%2F%2Fwww.w3.org%2F2000%2Fsvg&#039;%20viewBox%3D&#039;0%200%20722%20387&#039;%2F%3E\" class=\"attachment-full size-full preload-me aspect lazy lazy-load\" alt=\"\" sizes=\"(max-width: 722px) 100vw, 722px\" style=\"--ratio: 722 \/ 387;\" data-src=\"https:\/\/www.kew.agh.edu.pl\/wp-content\/uploads\/2023\/06\/wydarzenia-maj-2023-e1739979963583.jpg\" loading=\"eager\" data-srcset=\"https:\/\/www.kew.agh.edu.pl\/wp-content\/uploads\/2023\/06\/wydarzenia-maj-2023-e1739979963583.jpg 722w, https:\/\/www.kew.agh.edu.pl\/wp-content\/uploads\/2023\/06\/wydarzenia-maj-2023-e1739979963583-300x161.jpg 300w\" \/><span class=\"the7-hover-icon\"><i aria-hidden=\"true\" class=\"feather feather-more-horizontal\"><\/i><\/span><\/a>\t\t\t\t\t\t\t\t\t<\/div>\n\t\t\t\t\t\t\t\t\t\t\t\t\t\t\t\t<div class=\"post-entry-content\">\n\t\t\t\t\t\t\t\t\t<h5 class=\"heading\"><a href=\"https:\/\/www.kew.agh.edu.pl\/en\/how-to-make-lorem-ipsum-dolor-sit-glavrida\/\" rel=\"bookmark\" title=\"15. International Symposium on High-Speed Ion Transport Systems (ISSFIT-15)\" class=\"post-title\">15. International Symposium on High-Speed Ion Transport Systems (ISSFIT-15)<\/a><\/h5><div class=\"entry-meta\"><span class=\"meta-item category-link\"><a href=\"https:\/\/www.kew.agh.edu.pl\/en\/category\/aktualnosci\/\" rel=\"tag\">News<\/a><\/span><span class=\"meta-item data-link\"><time class=\"entry-date updated\" datetime=\"2023-06-03T18:28:00+00:00\">June 3, 2023<\/time><\/span><\/div><p class=\"short-description\">From April 18 to 22, 2023, 15 events took place in Dubrovnik (Croatia). International Symposium on High-Speed Ion Transport Systems (ISSFIT-15).<\/p><a href=\"https:\/\/www.kew.agh.edu.pl\/en\/how-to-make-lorem-ipsum-dolor-sit-glavrida\/\" target=\"\" aria-label=\"Read more about 15. Mi\u0119dzynarodowe Sympozjum Uk\u0142ad\u00f3w z Szybkim Transportem Jonowym (ISSFIT-15)\" class=\"box-button elementor-button elementor-size-sm\">More detailed<\/a>\t\t\t\t\t\t\t\t<\/div>\n\t\t\t\t\t\t\t<\/div>\n\t\t\t\t\t\t<\/article>\n\t\t\t\t\t<\/div>\t\t\t\t\t\t\t\t\t\t<div class=\"wf-cell visible\">\n\t\t\t\t\t\t<article class=\"post visible wrapper post-725 type-post status-publish format-standard has-post-thumbnail hentry category-aktualnosci\">\n\n\t\t\t\t\t\t\t<div class=\"post-content-wrapper\">\n\t\t\t\t\t\t\t\t\t\t\t\t\t\t\t\t\t<div class=\"the7-simple-post-thumb\">\n\t\t\t\t\t\t\t\t\t\t<a class=\"post-thumbnail-rollover layzr-bg img-css-resize-wrapper\" aria-label=\"Post image\" href=\"https:\/\/www.kew.agh.edu.pl\/en\/how-lorem-ipsum-amet-glavrida-dolor\/\"><img decoding=\"async\" width=\"1720\" height=\"964\" src=\"data:image\/svg+xml,%3Csvg%20xmlns%3D&#039;http%3A%2F%2Fwww.w3.org%2F2000%2Fsvg&#039;%20viewBox%3D&#039;0%200%201720%20964&#039;%2F%3E\" class=\"attachment-full size-full preload-me aspect lazy lazy-load\" alt=\"\" sizes=\"(max-width: 1720px) 100vw, 1720px\" style=\"--ratio: 1720 \/ 964;\" data-src=\"https:\/\/www.kew.agh.edu.pl\/wp-content\/uploads\/2020\/04\/List-intencyjny.png\" loading=\"eager\" data-srcset=\"https:\/\/www.kew.agh.edu.pl\/wp-content\/uploads\/2020\/04\/List-intencyjny.png 1720w, https:\/\/www.kew.agh.edu.pl\/wp-content\/uploads\/2020\/04\/List-intencyjny-300x168.png 300w, https:\/\/www.kew.agh.edu.pl\/wp-content\/uploads\/2020\/04\/List-intencyjny-1024x574.png 1024w, https:\/\/www.kew.agh.edu.pl\/wp-content\/uploads\/2020\/04\/List-intencyjny-768x430.png 768w, https:\/\/www.kew.agh.edu.pl\/wp-content\/uploads\/2020\/04\/List-intencyjny-1536x861.png 1536w\" \/><span class=\"the7-hover-icon\"><i aria-hidden=\"true\" class=\"feather feather-more-horizontal\"><\/i><\/span><\/a>\t\t\t\t\t\t\t\t\t<\/div>\n\t\t\t\t\t\t\t\t\t\t\t\t\t\t\t\t<div class=\"post-entry-content\">\n\t\t\t\t\t\t\t\t\t<h5 class=\"heading\"><a href=\"https:\/\/www.kew.agh.edu.pl\/en\/how-lorem-ipsum-amet-glavrida-dolor\/\" rel=\"bookmark\" title=\"Mkis is a letter of intent for the development of Polish energy storage technology\" class=\"post-title\">Mkis is a letter of intent for the development of Polish energy storage technology<\/a><\/h5><div class=\"entry-meta\"><span class=\"meta-item category-link\"><a href=\"https:\/\/www.kew.agh.edu.pl\/en\/category\/aktualnosci\/\" rel=\"tag\">News<\/a><\/span><span class=\"meta-item data-link\"><time class=\"entry-date updated\" datetime=\"2023-05-02T11:43:00+00:00\">May 2, 2023<\/time><\/span><\/div><p class=\"short-description\">PKN Orlen, Azoty Group, KGHM, PGE and major Polish universities signed a letter of intent on cooperation in the development of Polish ion cell technology for energy storage.<\/p><a href=\"https:\/\/www.kew.agh.edu.pl\/en\/how-lorem-ipsum-amet-glavrida-dolor\/\" target=\"\" aria-label=\"Read more about MKi\u015a jest list intencyjny w sprawie rozwoju polskiej technologii ogniw do magazynowania energii\" class=\"box-button elementor-button elementor-size-sm\">More detailed<\/a>\t\t\t\t\t\t\t\t<\/div>\n\t\t\t\t\t\t\t<\/div>\n\t\t\t\t\t\t<\/article>\n\t\t\t\t\t<\/div>\t\t\t\t\t\t\t\t\t\t<div class=\"wf-cell visible\">\n\t\t\t\t\t\t<article class=\"post visible wrapper post-273 type-post status-publish format-standard has-post-thumbnail hentry category-aktualnosci tag-featured\">\n\n\t\t\t\t\t\t\t<div class=\"post-content-wrapper\">\n\t\t\t\t\t\t\t\t\t\t\t\t\t\t\t\t\t<div class=\"the7-simple-post-thumb\">\n\t\t\t\t\t\t\t\t\t\t<a class=\"post-thumbnail-rollover layzr-bg img-css-resize-wrapper\" aria-label=\"Post image\" href=\"https:\/\/www.kew.agh.edu.pl\/en\/lorem-ipsum-dolor-glavrida-amet\/\"><img decoding=\"async\" width=\"758\" height=\"580\" src=\"data:image\/svg+xml,%3Csvg%20xmlns%3D&#039;http%3A%2F%2Fwww.w3.org%2F2000%2Fsvg&#039;%20viewBox%3D&#039;0%200%20758%20580&#039;%2F%3E\" class=\"attachment-full size-full preload-me aspect lazy lazy-load\" alt=\"\" sizes=\"(max-width: 758px) 100vw, 758px\" style=\"--ratio: 758 \/ 580;\" data-src=\"https:\/\/www.kew.agh.edu.pl\/wp-content\/uploads\/2020\/04\/Screenshot-2025-02-19-at-16.31.29.png\" loading=\"eager\" data-srcset=\"https:\/\/www.kew.agh.edu.pl\/wp-content\/uploads\/2020\/04\/Screenshot-2025-02-19-at-16.31.29.png 758w, https:\/\/www.kew.agh.edu.pl\/wp-content\/uploads\/2020\/04\/Screenshot-2025-02-19-at-16.31.29-300x230.png 300w\" \/><span class=\"the7-hover-icon\"><i aria-hidden=\"true\" class=\"feather feather-more-horizontal\"><\/i><\/span><\/a>\t\t\t\t\t\t\t\t\t<\/div>\n\t\t\t\t\t\t\t\t\t\t\t\t\t\t\t\t<div class=\"post-entry-content\">\n\t\t\t\t\t\t\t\t\t<h5 class=\"heading\"><a href=\"https:\/\/www.kew.agh.edu.pl\/en\/lorem-ipsum-dolor-glavrida-amet\/\" rel=\"bookmark\" title=\"Technical Review, March 2023\" class=\"post-title\">Technical Review, March 2023<\/a><\/h5><div class=\"entry-meta\"><span class=\"meta-item category-link\"><a href=\"https:\/\/www.kew.agh.edu.pl\/en\/category\/aktualnosci\/\" rel=\"tag\">News<\/a><\/span><span class=\"meta-item data-link\"><time class=\"entry-date updated\" datetime=\"2023-04-08T18:28:00+00:00\">April 8, 2023<\/time><\/span><\/div><p class=\"short-description\">POLAND IN SPACE CHALLENGES IN ROBOTICS SPRING IN THE SKY STUDENT PASSION<\/p><a href=\"https:\/\/www.kew.agh.edu.pl\/en\/lorem-ipsum-dolor-glavrida-amet\/\" target=\"\" aria-label=\"Read more about Przegl\u0105d Techniczny, marzec 2023\" class=\"box-button elementor-button elementor-size-sm\">More detailed<\/a>\t\t\t\t\t\t\t\t<\/div>\n\t\t\t\t\t\t\t<\/div>\n\t\t\t\t\t\t<\/article>\n\t\t\t\t\t<\/div>\t\t\t\t\t\t\t\t\t\t<div class=\"wf-cell visible\">\n\t\t\t\t\t\t<article class=\"post visible wrapper post-288 type-post status-publish format-standard has-post-thumbnail hentry category-aktualnosci\">\n\n\t\t\t\t\t\t\t<div class=\"post-content-wrapper\">\n\t\t\t\t\t\t\t\t\t\t\t\t\t\t\t\t\t<div class=\"the7-simple-post-thumb\">\n\t\t\t\t\t\t\t\t\t\t<a class=\"post-thumbnail-rollover layzr-bg img-css-resize-wrapper\" aria-label=\"Post image\" href=\"https:\/\/www.kew.agh.edu.pl\/en\/tempor-incididunt-ut-labore-et-dolore-magna-aliqua\/\"><img decoding=\"async\" width=\"1024\" height=\"515\" src=\"data:image\/svg+xml,%3Csvg%20xmlns%3D&#039;http%3A%2F%2Fwww.w3.org%2F2000%2Fsvg&#039;%20viewBox%3D&#039;0%200%201024%20515&#039;%2F%3E\" class=\"attachment-full size-full preload-me aspect lazy lazy-load\" alt=\"\" sizes=\"(max-width: 1024px) 100vw, 1024px\" style=\"--ratio: 1024 \/ 515;\" data-src=\"https:\/\/www.kew.agh.edu.pl\/wp-content\/uploads\/2022\/11\/konsorcjum_2-1-e1739976975288.jpg\" loading=\"eager\" data-srcset=\"https:\/\/www.kew.agh.edu.pl\/wp-content\/uploads\/2022\/11\/konsorcjum_2-1-e1739976975288.jpg 1024w, https:\/\/www.kew.agh.edu.pl\/wp-content\/uploads\/2022\/11\/konsorcjum_2-1-e1739976975288-300x151.jpg 300w, https:\/\/www.kew.agh.edu.pl\/wp-content\/uploads\/2022\/11\/konsorcjum_2-1-e1739976975288-768x386.jpg 768w\" \/><span class=\"the7-hover-icon\"><i aria-hidden=\"true\" class=\"feather feather-more-horizontal\"><\/i><\/span><\/a>\t\t\t\t\t\t\t\t\t<\/div>\n\t\t\t\t\t\t\t\t\t\t\t\t\t\t\t\t<div class=\"post-entry-content\">\n\t\t\t\t\t\t\t\t\t<h5 class=\"heading\"><a href=\"https:\/\/www.kew.agh.edu.pl\/en\/tempor-incididunt-ut-labore-et-dolore-magna-aliqua\/\" rel=\"bookmark\" title=\"Poland wants to stay ahead of electric mobility trends\" class=\"post-title\">Poland wants to stay ahead of electric mobility trends<\/a><\/h5><div class=\"entry-meta\"><span class=\"meta-item category-link\"><a href=\"https:\/\/www.kew.agh.edu.pl\/en\/category\/aktualnosci\/\" rel=\"tag\">News<\/a><\/span><span class=\"meta-item data-link\"><time class=\"entry-date updated\" datetime=\"2022-11-30T18:34:00+00:00\">November 30, 2022<\/time><\/span><\/div><p class=\"short-description\">Only through the cooperation of three sectors: public, scientific and business, will it be possible to develop electric mobility and start producing batteries in Europe<\/p><a href=\"https:\/\/www.kew.agh.edu.pl\/en\/tempor-incididunt-ut-labore-et-dolore-magna-aliqua\/\" target=\"\" aria-label=\"Read more about Polska chce wyprzedzi\u0107 trendy elektromobilno\u015bci\" class=\"box-button elementor-button elementor-size-sm\">More detailed<\/a>\t\t\t\t\t\t\t\t<\/div>\n\t\t\t\t\t\t\t<\/div>\n\t\t\t\t\t\t<\/article>\n\t\t\t\t\t<\/div>\t\t\t\t\t\t\t\t\t\t<div class=\"wf-cell visible\">\n\t\t\t\t\t\t<article class=\"post visible wrapper post-728 type-post status-publish format-standard has-post-thumbnail hentry category-aktualnosci tag-blog tag-business tag-corporate tag-featured tag-wordpres\">\n\n\t\t\t\t\t\t\t<div class=\"post-content-wrapper\">\n\t\t\t\t\t\t\t\t\t\t\t\t\t\t\t\t\t<div class=\"the7-simple-post-thumb\">\n\t\t\t\t\t\t\t\t\t\t<a class=\"post-thumbnail-rollover layzr-bg img-css-resize-wrapper\" aria-label=\"Post image\" href=\"https:\/\/www.kew.agh.edu.pl\/en\/why-amet-lorem-dolor-glavrida-agestas\/\"><img decoding=\"async\" width=\"1024\" height=\"683\" src=\"data:image\/svg+xml,%3Csvg%20xmlns%3D&#039;http%3A%2F%2Fwww.w3.org%2F2000%2Fsvg&#039;%20viewBox%3D&#039;0%200%201024%20683&#039;%2F%3E\" class=\"attachment-full size-full preload-me aspect lazy lazy-load\" alt=\"\" sizes=\"(max-width: 1024px) 100vw, 1024px\" style=\"--ratio: 1024 \/ 683;\" data-src=\"https:\/\/www.kew.agh.edu.pl\/wp-content\/uploads\/2020\/04\/nobel-chemia.jpg\" loading=\"eager\" data-srcset=\"https:\/\/www.kew.agh.edu.pl\/wp-content\/uploads\/2020\/04\/nobel-chemia.jpg 1024w, https:\/\/www.kew.agh.edu.pl\/wp-content\/uploads\/2020\/04\/nobel-chemia-300x200.jpg 300w, https:\/\/www.kew.agh.edu.pl\/wp-content\/uploads\/2020\/04\/nobel-chemia-768x512.jpg 768w\" \/><span class=\"the7-hover-icon\"><i aria-hidden=\"true\" class=\"feather feather-more-horizontal\"><\/i><\/span><\/a>\t\t\t\t\t\t\t\t\t<\/div>\n\t\t\t\t\t\t\t\t\t\t\t\t\t\t\t\t<div class=\"post-entry-content\">\n\t\t\t\t\t\t\t\t\t<h5 class=\"heading\"><a href=\"https:\/\/www.kew.agh.edu.pl\/en\/why-amet-lorem-dolor-glavrida-agestas\/\" rel=\"bookmark\" title=\"2019 Nobel Prize in Chemistry-a joy at the Department of Hydrogen Energy\" class=\"post-title\">2019 Nobel Prize in Chemistry-a joy at the Department of Hydrogen Energy<\/a><\/h5><div class=\"entry-meta\"><span class=\"meta-item category-link\"><a href=\"https:\/\/www.kew.agh.edu.pl\/en\/category\/aktualnosci\/\" rel=\"tag\">News<\/a><\/span><span class=\"meta-item data-link\"><time class=\"entry-date updated\" datetime=\"2022-11-30T11:50:00+00:00\">November 30, 2022<\/time><\/span><\/div><p class=\"short-description\">We were very excited to hear the news of this year&#039;s Nobel Prize in Chemistry being awarded to pioneers of lithium cell technology.<\/p><a href=\"https:\/\/www.kew.agh.edu.pl\/en\/why-amet-lorem-dolor-glavrida-agestas\/\" target=\"\" aria-label=\"Read more about Nagroda Nobla 2019 z chemii \u2013 Rado\u015b\u0107 w Katedrze Energetyki Wodorowej\" class=\"box-button elementor-button elementor-size-sm\">More detailed<\/a>\t\t\t\t\t\t\t\t<\/div>\n\t\t\t\t\t\t\t<\/div>\n\t\t\t\t\t\t<\/article>\n\t\t\t\t\t<\/div>\t\t\t\t\t\t\t\t<\/div>\n\t\t<div class=\"paginator filter-decorations filter-pointer-underline filter-animation-fade\" role=\"navigation\"><a href=\"https:\/\/www.kew.agh.edu.pl\/en\/wp-json\/wp\/v2\/pages\/11196\/\" class=\"page-numbers filter-item act\" data-page-num=\"1\">1<\/a><a href=\"https:\/\/www.kew.agh.edu.pl\/en\/wp-json\/wp\/v2\/pages\/11196\/page\/2\/\" class=\"page-numbers filter-item\" data-page-num=\"2\">2<\/a><a href=\"https:\/\/www.kew.agh.edu.pl\/en\/wp-json\/wp\/v2\/pages\/11196\/page\/2\/\" class=\"page-numbers nav-next filter-item\" data-page-num=\"2\" >\u2192<\/a><\/div><\/div>\t\t\t\t<\/div>\n\t\t\t\t<\/div>\n\t\t\t\t\t<\/div>\n\t\t<\/div>\n\t\t\t\t\t<\/div>\n\t\t<\/section>\n\t\t\t\t<\/div>","protected":false},"excerpt":{"rendered":"<p>Aktualny stan Katedry Energetyki Wodorowej UncategorizedNovember 1, 2024 prof. Janina Molenda &#8211; Kierownik Katedry prof. Konrad \u015awierczek prof. Jolanta Biega\u0144ska dr hab. Andrzej Budziak, prof. AGH dr hab. Danuta Olszewska, prof. AGH dr hab. in\u017c. Wojciech Zaj\u0105c, prof. AGH dr hab. in\u017c. Kun Zheng, prof. AGH 6 adiunkt\u00f3w, 1 pracownik techniczny, 10 doktorant\u00f3w. Prof. J.&hellip;<\/p>","protected":false},"author":1,"featured_media":0,"parent":0,"menu_order":10,"comment_status":"closed","ping_status":"closed","template":"","meta":{"footnotes":""},"class_list":["post-11196","page","type-page","status-publish","hentry"],"_links":{"self":[{"href":"https:\/\/www.kew.agh.edu.pl\/en\/wp-json\/wp\/v2\/pages\/11196","targetHints":{"allow":["GET"]}}],"collection":[{"href":"https:\/\/www.kew.agh.edu.pl\/en\/wp-json\/wp\/v2\/pages"}],"about":[{"href":"https:\/\/www.kew.agh.edu.pl\/en\/wp-json\/wp\/v2\/types\/page"}],"author":[{"embeddable":true,"href":"https:\/\/www.kew.agh.edu.pl\/en\/wp-json\/wp\/v2\/users\/1"}],"replies":[{"embeddable":true,"href":"https:\/\/www.kew.agh.edu.pl\/en\/wp-json\/wp\/v2\/comments?post=11196"}],"version-history":[{"count":58,"href":"https:\/\/www.kew.agh.edu.pl\/en\/wp-json\/wp\/v2\/pages\/11196\/revisions"}],"predecessor-version":[{"id":12696,"href":"https:\/\/www.kew.agh.edu.pl\/en\/wp-json\/wp\/v2\/pages\/11196\/revisions\/12696"}],"wp:attachment":[{"href":"https:\/\/www.kew.agh.edu.pl\/en\/wp-json\/wp\/v2\/media?parent=11196"}],"curies":[{"name":"wp","href":"https:\/\/api.w.org\/{rel}","templated":true}]}}